{"id":102,"date":"2026-03-23T09:26:52","date_gmt":"2026-03-23T09:26:52","guid":{"rendered":"https:\/\/infuzme.fr\/?page_id=102"},"modified":"2026-03-23T09:31:47","modified_gmt":"2026-03-23T09:31:47","slug":"102-2","status":"publish","type":"page","link":"https:\/\/infuzme.fr\/?page_id=102","title":{"rendered":"Pr\u00e9sentation d&rsquo;Infuzme"},"content":{"rendered":"<p>[et_pb_section fb_built=\u00a0\u00bb1&Prime; _builder_version=\u00a0\u00bb4.27.5&Prime; _module_preset=\u00a0\u00bbdefault\u00a0\u00bb global_colors_info=\u00a0\u00bb{}\u00a0\u00bb][et_pb_row _builder_version=\u00a0\u00bb4.27.5&Prime; _module_preset=\u00a0\u00bbdefault\u00a0\u00bb global_colors_info=\u00a0\u00bb{}\u00a0\u00bb][et_pb_column type=\u00a0\u00bb4_4&Prime; _builder_version=\u00a0\u00bb4.27.5&Prime; _module_preset=\u00a0\u00bbdefault\u00a0\u00bb global_colors_info=\u00a0\u00bb{}\u00a0\u00bb][et_pb_text _builder_version=\u00a0\u00bb4.27.5&Prime; _module_preset=\u00a0\u00bbdefault\u00a0\u00bb text_text_color=\u00a0\u00bb#106d1c\u00a0\u00bb global_colors_info=\u00a0\u00bb{}\u00a0\u00bb]<\/p>\n<blockquote>\n<p><em><strong>Infuzme : L&rsquo;Art de se retrouver<\/strong><\/em><\/p>\n<\/blockquote>\n<p><em><strong><\/strong><\/em><\/p>\n<p>[\/et_pb_text][\/et_pb_column][\/et_pb_row][et_pb_row column_structure=\u00a0\u00bb1_2,1_2&Prime; _builder_version=\u00a0\u00bb4.27.5&Prime; _module_preset=\u00a0\u00bbdefault\u00a0\u00bb global_colors_info=\u00a0\u00bb{}\u00a0\u00bb][et_pb_column type=\u00a0\u00bb1_2&Prime; _builder_version=\u00a0\u00bb4.27.5&Prime; _module_preset=\u00a0\u00bbdefault\u00a0\u00bb global_colors_info=\u00a0\u00bb{}\u00a0\u00bb][et_pb_text _builder_version=\u00a0\u00bb4.27.5&Prime; _module_preset=\u00a0\u00bbdefault\u00a0\u00bb text_text_color=\u00a0\u00bb#106d1c\u00a0\u00bb text_font_size=\u00a0\u00bb12px\u00a0\u00bb global_colors_info=\u00a0\u00bb{}\u00a0\u00bb]<\/p>\n<p>Bienvenue dans l&rsquo;univers d&rsquo;<b data-path-to-node=\"3\" data-index-in-node=\"27\">Infuzme<\/b>, l\u00e0 o\u00f9 chaque infusion est une invitation \u00e0 ralentir, \u00e0 respirer et \u00e0 prendre soin de soi. Plus qu\u2019une simple boutique de th\u00e9s, Infuzme est n\u00e9e d\u2019une conviction profonde : le bien-\u00eatre ne devrait pas \u00eatre un luxe occasionnel, mais un rituel quotidien, accessible et savoureux.<\/p>\n<p>[\/et_pb_text][\/et_pb_column][et_pb_column type=\u00a0\u00bb1_2&Prime; _builder_version=\u00a0\u00bb4.27.5&Prime; _module_preset=\u00a0\u00bbdefault\u00a0\u00bb global_colors_info=\u00a0\u00bb{}\u00a0\u00bb][et_pb_image src=\u00a0\u00bbhttps:\/\/infuzme.fr\/wp-content\/uploads\/2026\/03\/telechargement.jpg\u00a0\u00bb title_text=\u00a0\u00bbt\u00e9l\u00e9chargement\u00a0\u00bb _builder_version=\u00a0\u00bb4.27.5&Prime; _module_preset=\u00a0\u00bbdefault\u00a0\u00bb global_colors_info=\u00a0\u00bb{}\u00a0\u00bb][\/et_pb_image][\/et_pb_column][\/et_pb_row][et_pb_row column_structure=\u00a0\u00bb1_2,1_2&Prime; _builder_version=\u00a0\u00bb4.27.5&Prime; _module_preset=\u00a0\u00bbdefault\u00a0\u00bb global_colors_info=\u00a0\u00bb{}\u00a0\u00bb][et_pb_column type=\u00a0\u00bb1_2&Prime; _builder_version=\u00a0\u00bb4.27.5&Prime; _module_preset=\u00a0\u00bbdefault\u00a0\u00bb global_colors_info=\u00a0\u00bb{}\u00a0\u00bb][et_pb_text _builder_version=\u00a0\u00bb4.27.5&Prime; _module_preset=\u00a0\u00bbdefault\u00a0\u00bb text_text_color=\u00a0\u00bb#106d1c\u00a0\u00bb text_font_size=\u00a0\u00bb12px\u00a0\u00bb global_colors_info=\u00a0\u00bb{}\u00a0\u00bb]<\/p>\n<h3 data-path-to-node=\"4\"><em><strong><span style=\"color: #106d1c;\">Notre Philosophie : La Nature au Service de Votre \u00c9quilibre<\/span><\/strong><\/em><\/h3>\n<p data-path-to-node=\"5\">Dans un monde qui tourne \u00e0 mille \u00e0 l&rsquo;heure, nous avons souvent tendance \u00e0 oublier l&rsquo;essentiel : notre corps et notre esprit forment un \u00e9cosyst\u00e8me pr\u00e9cieux qui m\u00e9rite toute notre attention. Chez Infuzme, nous croyons que la nature d\u00e9tient toutes les cl\u00e9s pour restaurer cet \u00e9quilibre.<\/p>\n<p data-path-to-node=\"6\">C\u2019est pour cette raison que nous avons d\u00e9velopp\u00e9 une gamme de th\u00e9s et d&rsquo;infusions <b data-path-to-node=\"6\" data-index-in-node=\"82\">D\u00e9tox<\/b> et <b data-path-to-node=\"6\" data-index-in-node=\"91\">Bien-\u00eatre<\/b>, con\u00e7ue pour r\u00e9pondre aux besoins sp\u00e9cifiques de la vie moderne. Que vous cherchiez \u00e0 purifier votre organisme, \u00e0 retrouver de l&rsquo;\u00e9nergie d\u00e8s le matin, ou \u00e0 plonger dans un sommeil r\u00e9parateur, Infuzme vous accompagne \u00e0 chaque \u00e9tape de votre journ\u00e9e.<\/p>\n<p>[\/et_pb_text][\/et_pb_column][et_pb_column type=\u00a0\u00bb1_2&Prime; _builder_version=\u00a0\u00bb4.27.5&Prime; _module_preset=\u00a0\u00bbdefault\u00a0\u00bb global_colors_info=\u00a0\u00bb{}\u00a0\u00bb][et_pb_text _builder_version=\u00a0\u00bb4.27.5&Prime; _module_preset=\u00a0\u00bbdefault\u00a0\u00bb text_text_color=\u00a0\u00bb#106d1c\u00a0\u00bb text_font_size=\u00a0\u00bb12px\u00a0\u00bb global_colors_info=\u00a0\u00bb{}\u00a0\u00bb]<\/p>\n<h3 data-path-to-node=\"7\"><span style=\"color: #106d1c;\"><strong>L&rsquo;Excellence du Go\u00fbt et de la Puret\u00e9<\/strong><\/span><\/h3>\n<p data-path-to-node=\"8\">Pourquoi choisir entre efficacit\u00e9 et plaisir ? Trop souvent, les produits \u00ab\u00a0d\u00e9tox\u00a0\u00bb sont associ\u00e9s \u00e0 des saveurs fades ou am\u00e8res. Chez Infuzme, nous avons bris\u00e9 ce clich\u00e9. Nos m\u00e9langes sont le fruit d&rsquo;une recherche rigoureuse pour marier les bienfaits des plantes m\u00e9dicinales \u00e0 la gourmandise des fruits et des \u00e9pices.<\/p>\n<ul data-path-to-node=\"9\">\n<li>\n<p data-path-to-node=\"9,0,0\"><b data-path-to-node=\"9,0,0\" data-index-in-node=\"0\">Ingr\u00e9dients d&rsquo;exception :<\/b> Nous s\u00e9lectionnons avec soin des feuilles de th\u00e9 enti\u00e8res, des fleurs s\u00e9ch\u00e9es et des herbes aromatiques de premi\u00e8re qualit\u00e9.<\/p>\n<\/li>\n<li>\n<p data-path-to-node=\"9,1,0\"><b data-path-to-node=\"9,1,0\" data-index-in-node=\"0\">Z\u00e9ro compromis :<\/b> Nos recettes sont garanties sans ar\u00f4mes artificiels ni conservateurs. Nous privil\u00e9gions le naturel pour que chaque tasse soit une v\u00e9ritable d\u00e9toxification, sans agresser votre palais.<\/p>\n<\/li>\n<li>\n<p data-path-to-node=\"9,2,0\"><b data-path-to-node=\"9,2,0\" data-index-in-node=\"0\">Artisanat et Savoir-faire :<\/b> Chaque m\u00e9lange est dos\u00e9 avec pr\u00e9cision pour maximiser la synergie entre les ingr\u00e9dients.<\/p>\n<\/li>\n<\/ul>\n<p>[\/et_pb_text][\/et_pb_column][\/et_pb_row][et_pb_row column_structure=\u00a0\u00bb1_2,1_2&Prime; _builder_version=\u00a0\u00bb4.27.5&Prime; _module_preset=\u00a0\u00bbdefault\u00a0\u00bb global_colors_info=\u00a0\u00bb{}\u00a0\u00bb][et_pb_column type=\u00a0\u00bb1_2&Prime; _builder_version=\u00a0\u00bb4.27.5&Prime; _module_preset=\u00a0\u00bbdefault\u00a0\u00bb global_colors_info=\u00a0\u00bb{}\u00a0\u00bb][et_pb_image src=\u00a0\u00bbhttps:\/\/infuzme.fr\/wp-content\/uploads\/2026\/03\/infusion-detox-energie.webp\u00a0\u00bb title_text=\u00a0\u00bbinfusion-detox-energie\u00a0\u00bb _builder_version=\u00a0\u00bb4.27.5&Prime; _module_preset=\u00a0\u00bbdefault\u00a0\u00bb global_colors_info=\u00a0\u00bb{}\u00a0\u00bb][\/et_pb_image][\/et_pb_column][et_pb_column type=\u00a0\u00bb1_2&Prime; _builder_version=\u00a0\u00bb4.27.5&Prime; _module_preset=\u00a0\u00bbdefault\u00a0\u00bb global_colors_info=\u00a0\u00bb{}\u00a0\u00bb][et_pb_text _builder_version=\u00a0\u00bb4.27.5&Prime; _module_preset=\u00a0\u00bbdefault\u00a0\u00bb text_text_color=\u00a0\u00bb#106d1c\u00a0\u00bb text_font_size=\u00a0\u00bb12px\u00a0\u00bb global_colors_info=\u00a0\u00bb{}\u00a0\u00bb]<\/p>\n<h3 data-path-to-node=\"10\"><em><strong><span style=\"color: #106d1c;\">Nos Trois Piliers : D\u00e9tox, S\u00e9r\u00e9nit\u00e9, \u00c9nergie<\/span><\/strong><\/em><\/h3>\n<p data-path-to-node=\"11\">La collection Infuzme s&rsquo;articule autour de trois axes fondamentaux pour une vie harmonieuse :<\/p>\n<p data-path-to-node=\"11\"><b data-path-to-node=\"12,0,0\" data-index-in-node=\"0\" style=\"font-size: 12px;\">1. La Cure D\u00e9tox :<\/b><span style=\"font-size: 12px;\"> Pour aider votre foie et vos reins \u00e0 \u00e9liminer les toxines accumul\u00e9es, nos infusions drainantes favorisent la l\u00e9g\u00e8ret\u00e9 et l&rsquo;\u00e9clat de la peau<\/span><\/p>\n<p data-path-to-node=\"11\"><b data-path-to-node=\"12,1,0\" data-index-in-node=\"0\" style=\"font-size: 12px;\">2. Le Rituel Bien-\u00eatre :<\/b><span style=\"font-size: 12px;\"> Parce que le stress est le mal du si\u00e8cle, nos m\u00e9langes apaisants \u00e0 base de camomille, m\u00e9lisse ou lavande vous aident \u00e0 rel\u00e2cher la pression et \u00e0 apaiser votre syst\u00e8me nerveux.<\/span><\/p>\n<p data-path-to-node=\"11\"><b data-path-to-node=\"12,2,0\" data-index-in-node=\"0\" style=\"font-size: 12px;\">3. Le Boost \u00c9nerg\u00e9tique :<\/b><span style=\"font-size: 12px;\"> Remplacez l&rsquo;\u00e9nergie nerveuse du caf\u00e9 par la force tranquille du th\u00e9 vert ou du mat\u00e9, enrichis de super-aliments pour une concentration optimale tout au long de la journ\u00e9e.<\/span><\/p>\n<p>[\/et_pb_text][\/et_pb_column][\/et_pb_row][et_pb_row _builder_version=\u00a0\u00bb4.27.5&Prime; _module_preset=\u00a0\u00bbdefault\u00a0\u00bb global_colors_info=\u00a0\u00bb{}\u00a0\u00bb][et_pb_column type=\u00a0\u00bb4_4&Prime; _builder_version=\u00a0\u00bb4.27.5&Prime; _module_preset=\u00a0\u00bbdefault\u00a0\u00bb global_colors_info=\u00a0\u00bb{}\u00a0\u00bb][et_pb_text _builder_version=\u00a0\u00bb4.27.5&Prime; _module_preset=\u00a0\u00bbdefault\u00a0\u00bb text_text_color=\u00a0\u00bb#106d1c\u00a0\u00bb text_font_size=\u00a0\u00bb12px\u00a0\u00bb global_colors_info=\u00a0\u00bb{}\u00a0\u00bb]<\/p>\n<h3 data-path-to-node=\"13\"><em><strong><span style=\"color: #106d1c;\">Plus qu\u2019une marque, une communaut\u00e9<\/span><\/strong><\/em><\/h3>\n<p data-path-to-node=\"14\">Infuzme n&rsquo;est pas seulement une marque de th\u00e9 ; c&rsquo;est un mouvement vers un mode de vie plus conscient. Nous nous engageons \u00e9galement dans une d\u00e9marche <b data-path-to-node=\"14\" data-index-in-node=\"151\">\u00e9co-responsable<\/b>. Nos emballages sont pens\u00e9s pour minimiser notre impact sur la plan\u00e8te, car nous sommes convaincus que l&rsquo;on ne peut pas prendre soin de soi sans prendre soin de la Terre qui nous nourrit.<\/p>\n<p data-path-to-node=\"15\">En choisissant Infuzme, vous rejoignez une communaut\u00e9 de passionn\u00e9s qui ont d\u00e9cid\u00e9 de placer leur sant\u00e9 et leur s\u00e9r\u00e9nit\u00e9 au centre de leurs priorit\u00e9s. Nous sommes fiers de vous offrir des produits qui vous ressemblent : authentiques, vibrants et tourn\u00e9s vers l&rsquo;avenir.<\/p>\n<h3 data-path-to-node=\"16\"><em><strong><span style=\"color: #106d1c;\">Pr\u00eat \u00e0 Infuser du Changement ?<\/span><\/strong><\/em><\/h3>\n<p data-path-to-node=\"17\">Le voyage vers une meilleure version de soi commence souvent par un geste simple : faire bouillir de l&rsquo;eau, choisir son m\u00e9lange pr\u00e9f\u00e9r\u00e9 et s&rsquo;accorder dix minutes de silence.<\/p>\n<p data-path-to-node=\"18\"><b data-path-to-node=\"18\" data-index-in-node=\"0\">Infuzme : R\u00e9appropriez-vous votre temps, une gorg\u00e9e \u00e0 la fois.<\/b><\/p>\n<p>[\/et_pb_text][\/et_pb_column][\/et_pb_row][et_pb_row _builder_version=\u00a0\u00bb4.27.5&Prime; _module_preset=\u00a0\u00bbdefault\u00a0\u00bb global_colors_info=\u00a0\u00bb{}\u00a0\u00bb][et_pb_column type=\u00a0\u00bb4_4&Prime; _builder_version=\u00a0\u00bb4.27.5&Prime; _module_preset=\u00a0\u00bbdefault\u00a0\u00bb global_colors_info=\u00a0\u00bb{}\u00a0\u00bb][et_pb_text _builder_version=\u00a0\u00bb4.27.5&Prime; _module_preset=\u00a0\u00bbdefault\u00a0\u00bb text_font=\u00a0\u00bb|700|on||||||\u00a0\u00bb text_text_color=\u00a0\u00bb#106d1c\u00a0\u00bb text_font_size=\u00a0\u00bb18px\u00a0\u00bb global_colors_info=\u00a0\u00bb{}\u00a0\u00bb]Mon histoire [\/et_pb_text][\/et_pb_column][\/et_pb_row][et_pb_row column_structure=\u00a0\u00bb1_2,1_2&Prime; _builder_version=\u00a0\u00bb4.27.5&Prime; _module_preset=\u00a0\u00bbdefault\u00a0\u00bb global_colors_info=\u00a0\u00bb{}\u00a0\u00bb][et_pb_column type=\u00a0\u00bb1_2&Prime; _builder_version=\u00a0\u00bb4.27.5&Prime; _module_preset=\u00a0\u00bbdefault\u00a0\u00bb global_colors_info=\u00a0\u00bb{}\u00a0\u00bb][et_pb_image src=\u00a0\u00bbhttps:\/\/infuzme.fr\/wp-content\/uploads\/2026\/03\/IMG_0273.heic\u00a0\u00bb title_text=\u00a0\u00bbIMG_0273&Prime; _builder_version=\u00a0\u00bb4.27.5&Prime; _module_preset=\u00a0\u00bbdefault\u00a0\u00bb width=\u00a0\u00bb70%\u00a0\u00bb global_colors_info=\u00a0\u00bb{}\u00a0\u00bb][\/et_pb_image][\/et_pb_column][et_pb_column type=\u00a0\u00bb1_2&Prime; _builder_version=\u00a0\u00bb4.27.5&Prime; _module_preset=\u00a0\u00bbdefault\u00a0\u00bb global_colors_info=\u00a0\u00bb{}\u00a0\u00bb][et_pb_text _builder_version=\u00a0\u00bb4.27.5&Prime; _module_preset=\u00a0\u00bbdefault\u00a0\u00bb text_text_color=\u00a0\u00bb#106d1c\u00a0\u00bb custom_padding=\u00a0\u00bb|||0px||\u00a0\u00bb global_colors_info=\u00a0\u00bb{}\u00a0\u00bb]<\/p>\n<p data-start=\"446\" data-end=\"858\">Je m&rsquo;appelle Ylona Robalo et je suis la fondatrice d\u2019Infuzme, et comme beaucoup, j\u2019ai ressenti le besoin de ralentir dans un quotidien souvent stressant et rapide. C\u2019est en d\u00e9couvrant les bienfaits des plantes et des infusions que j\u2019ai commenc\u00e9 \u00e0 m\u2019int\u00e9resser \u00e0 l\u2019univers du th\u00e9 et du bien-\u00eatre. Au fil du temps, cette passion est devenue une \u00e9vidence : cr\u00e9er une marque qui propose des produits \u00e0 la fois bons pour le corps et pour l\u2019esprit.<\/p>\n<p data-start=\"860\" data-end=\"1024\">Infuzme est donc bien plus qu\u2019un simple projet : c\u2019est une aventure personnelle, une envie de partager des moments de calme et de s\u00e9r\u00e9nit\u00e9 avec chacun d\u2019entre vous.<\/p>\n<p>[\/et_pb_text][\/et_pb_column][\/et_pb_row][\/et_pb_section][et_pb_section fb_built=\u00a0\u00bb1&Prime; _builder_version=\u00a0\u00bb4.27.5&Prime; _module_preset=\u00a0\u00bbdefault\u00a0\u00bb min_height=\u00a0\u00bb877px\u00a0\u00bb global_colors_info=\u00a0\u00bb{}\u00a0\u00bb][et_pb_row column_structure=\u00a0\u00bb1_2,1_2&Prime; _builder_version=\u00a0\u00bb4.27.5&Prime; _module_preset=\u00a0\u00bbdefault\u00a0\u00bb global_colors_info=\u00a0\u00bb{}\u00a0\u00bb][et_pb_column type=\u00a0\u00bb1_2&Prime; _builder_version=\u00a0\u00bb4.27.5&Prime; _module_preset=\u00a0\u00bbdefault\u00a0\u00bb global_colors_info=\u00a0\u00bb{}\u00a0\u00bb][et_pb_text _builder_version=\u00a0\u00bb4.27.5&Prime; _module_preset=\u00a0\u00bbdefault\u00a0\u00bb text_text_color=\u00a0\u00bb#106d1c\u00a0\u00bb text_font_size=\u00a0\u00bb12px\u00a0\u00bb header_text_color=\u00a0\u00bb#106d1c\u00a0\u00bb header_font_size=\u00a0\u00bb12px\u00a0\u00bb global_colors_info=\u00a0\u00bb{}\u00a0\u00bb]<\/p>\n<p>\ud83c\udf75 Contactez-nous<\/p>\n<p>contact@infuzme.com<\/p>\n<p>05. 59 . XX. XX. XX<\/p>\n<p>Service client : Lundi \u2013 Vendredi de 9h \u00e0 19h<\/p>\n<p>[\/et_pb_text][\/et_pb_column][et_pb_column type=\u00a0\u00bb1_2&Prime; _builder_version=\u00a0\u00bb4.27.5&Prime; _module_preset=\u00a0\u00bbdefault\u00a0\u00bb global_colors_info=\u00a0\u00bb{}\u00a0\u00bb][et_pb_text _builder_version=\u00a0\u00bb4.27.5&Prime; _module_preset=\u00a0\u00bbdefault\u00a0\u00bb text_text_color=\u00a0\u00bb#106d1c\u00a0\u00bb custom_padding=\u00a0\u00bb0px|||||\u00a0\u00bb global_colors_info=\u00a0\u00bb{}\u00a0\u00bb]<\/p>\n<p><strong style=\"font-size: 14px;\">Paiement s\u00e9curis\u00e9<\/strong><\/p>\n<p><span style=\"color: #106d1c;\">Visa \u2022 Mastercard \u2022 PayPal<\/span><\/p>\n<p><strong><span style=\"color: #106d1c;\">\u00a9 2026 Infuzme \u2014 Tous droits r\u00e9serv\u00e9s<\/span><\/strong><\/p>\n<p>[\/et_pb_text][\/et_pb_column][\/et_pb_row][\/et_pb_section]<\/p>\n","protected":false},"excerpt":{"rendered":"<p>Infuzme : L&rsquo;Art de se retrouver Bienvenue dans l&rsquo;univers d&rsquo;Infuzme, l\u00e0 o\u00f9 chaque infusion est une invitation \u00e0 ralentir, \u00e0 respirer et \u00e0 prendre soin de soi. Plus qu\u2019une simple boutique de th\u00e9s, Infuzme est n\u00e9e d\u2019une conviction profonde : le bien-\u00eatre ne devrait pas \u00eatre un luxe occasionnel, mais un rituel quotidien, accessible et [&hellip;]<\/p>\n","protected":false},"author":1,"featured_media":0,"parent":0,"menu_order":0,"comment_status":"closed","ping_status":"closed","template":"","meta":{"_et_pb_use_builder":"on","_et_pb_old_content":"","_et_gb_content_width":"","footnotes":""},"class_list":["post-102","page","type-page","status-publish","hentry"],"yoast_head":"<!-- This site is optimized with the Yoast SEO plugin v27.1.1 - https:\/\/yoast.com\/product\/yoast-seo-wordpress\/ -->\n<title>Pr\u00e9sentation d&#039;Infuzme - Infuzme<\/title>\n<meta name=\"robots\" content=\"index, follow, max-snippet:-1, max-image-preview:large, max-video-preview:-1\" \/>\n<link rel=\"canonical\" href=\"https:\/\/infuzme.fr\/?page_id=102\" \/>\n<meta property=\"og:locale\" content=\"fr_FR\" \/>\n<meta property=\"og:type\" content=\"article\" \/>\n<meta property=\"og:title\" content=\"Pr\u00e9sentation d&#039;Infuzme - Infuzme\" \/>\n<meta property=\"og:description\" content=\"Infuzme : L&#039;Art de se retrouver Bienvenue dans l&#039;univers d&#039;Infuzme, l\u00e0 o\u00f9 chaque infusion est une invitation \u00e0 ralentir, \u00e0 respirer et \u00e0 prendre soin de soi. Plus qu\u2019une simple boutique de th\u00e9s, Infuzme est n\u00e9e d\u2019une conviction profonde : le bien-\u00eatre ne devrait pas \u00eatre un luxe occasionnel, mais un rituel quotidien, accessible et [&hellip;]\" \/>\n<meta property=\"og:url\" content=\"https:\/\/infuzme.fr\/?page_id=102\" \/>\n<meta property=\"og:site_name\" content=\"Infuzme\" \/>\n<meta property=\"article:modified_time\" content=\"2026-03-23T09:31:47+00:00\" \/>\n<meta name=\"twitter:card\" content=\"summary_large_image\" \/>\n<script type=\"application\/ld+json\" class=\"yoast-schema-graph\">{\"@context\":\"https:\/\/schema.org\",\"@graph\":[{\"@type\":\"WebPage\",\"@id\":\"https:\/\/infuzme.fr\/?page_id=102\",\"url\":\"https:\/\/infuzme.fr\/?page_id=102\",\"name\":\"Pr\u00e9sentation d'Infuzme - Infuzme\",\"isPartOf\":{\"@id\":\"https:\/\/infuzme.fr\/#website\"},\"datePublished\":\"2026-03-23T09:26:52+00:00\",\"dateModified\":\"2026-03-23T09:31:47+00:00\",\"breadcrumb\":{\"@id\":\"https:\/\/infuzme.fr\/?page_id=102#breadcrumb\"},\"inLanguage\":\"fr-FR\",\"potentialAction\":[{\"@type\":\"ReadAction\",\"target\":[\"https:\/\/infuzme.fr\/?page_id=102\"]}]},{\"@type\":\"BreadcrumbList\",\"@id\":\"https:\/\/infuzme.fr\/?page_id=102#breadcrumb\",\"itemListElement\":[{\"@type\":\"ListItem\",\"position\":1,\"name\":\"Accueil\",\"item\":\"https:\/\/infuzme.fr\/\"},{\"@type\":\"ListItem\",\"position\":2,\"name\":\"Pr\u00e9sentation d&rsquo;Infuzme\"}]},{\"@type\":\"WebSite\",\"@id\":\"https:\/\/infuzme.fr\/#website\",\"url\":\"https:\/\/infuzme.fr\/\",\"name\":\"Infuzme\",\"description\":\"\",\"potentialAction\":[{\"@type\":\"SearchAction\",\"target\":{\"@type\":\"EntryPoint\",\"urlTemplate\":\"https:\/\/infuzme.fr\/?s={search_term_string}\"},\"query-input\":{\"@type\":\"PropertyValueSpecification\",\"valueRequired\":true,\"valueName\":\"search_term_string\"}}],\"inLanguage\":\"fr-FR\"}]}<\/script>\n<!-- \/ Yoast SEO plugin. -->","yoast_head_json":{"title":"Pr\u00e9sentation d'Infuzme - Infuzme","robots":{"index":"index","follow":"follow","max-snippet":"max-snippet:-1","max-image-preview":"max-image-preview:large","max-video-preview":"max-video-preview:-1"},"canonical":"https:\/\/infuzme.fr\/?page_id=102","og_locale":"fr_FR","og_type":"article","og_title":"Pr\u00e9sentation d'Infuzme - Infuzme","og_description":"Infuzme : L'Art de se retrouver Bienvenue dans l'univers d'Infuzme, l\u00e0 o\u00f9 chaque infusion est une invitation \u00e0 ralentir, \u00e0 respirer et \u00e0 prendre soin de soi. Plus qu\u2019une simple boutique de th\u00e9s, Infuzme est n\u00e9e d\u2019une conviction profonde : le bien-\u00eatre ne devrait pas \u00eatre un luxe occasionnel, mais un rituel quotidien, accessible et [&hellip;]","og_url":"https:\/\/infuzme.fr\/?page_id=102","og_site_name":"Infuzme","article_modified_time":"2026-03-23T09:31:47+00:00","twitter_card":"summary_large_image","schema":{"@context":"https:\/\/schema.org","@graph":[{"@type":"WebPage","@id":"https:\/\/infuzme.fr\/?page_id=102","url":"https:\/\/infuzme.fr\/?page_id=102","name":"Pr\u00e9sentation d'Infuzme - Infuzme","isPartOf":{"@id":"https:\/\/infuzme.fr\/#website"},"datePublished":"2026-03-23T09:26:52+00:00","dateModified":"2026-03-23T09:31:47+00:00","breadcrumb":{"@id":"https:\/\/infuzme.fr\/?page_id=102#breadcrumb"},"inLanguage":"fr-FR","potentialAction":[{"@type":"ReadAction","target":["https:\/\/infuzme.fr\/?page_id=102"]}]},{"@type":"BreadcrumbList","@id":"https:\/\/infuzme.fr\/?page_id=102#breadcrumb","itemListElement":[{"@type":"ListItem","position":1,"name":"Accueil","item":"https:\/\/infuzme.fr\/"},{"@type":"ListItem","position":2,"name":"Pr\u00e9sentation d&rsquo;Infuzme"}]},{"@type":"WebSite","@id":"https:\/\/infuzme.fr\/#website","url":"https:\/\/infuzme.fr\/","name":"Infuzme","description":"","potentialAction":[{"@type":"SearchAction","target":{"@type":"EntryPoint","urlTemplate":"https:\/\/infuzme.fr\/?s={search_term_string}"},"query-input":{"@type":"PropertyValueSpecification","valueRequired":true,"valueName":"search_term_string"}}],"inLanguage":"fr-FR"}]}},"_links":{"self":[{"href":"https:\/\/infuzme.fr\/index.php?rest_route=\/wp\/v2\/pages\/102","targetHints":{"allow":["GET"]}}],"collection":[{"href":"https:\/\/infuzme.fr\/index.php?rest_route=\/wp\/v2\/pages"}],"about":[{"href":"https:\/\/infuzme.fr\/index.php?rest_route=\/wp\/v2\/types\/page"}],"author":[{"embeddable":true,"href":"https:\/\/infuzme.fr\/index.php?rest_route=\/wp\/v2\/users\/1"}],"replies":[{"embeddable":true,"href":"https:\/\/infuzme.fr\/index.php?rest_route=%2Fwp%2Fv2%2Fcomments&post=102"}],"version-history":[{"count":8,"href":"https:\/\/infuzme.fr\/index.php?rest_route=\/wp\/v2\/pages\/102\/revisions"}],"predecessor-version":[{"id":126,"href":"https:\/\/infuzme.fr\/index.php?rest_route=\/wp\/v2\/pages\/102\/revisions\/126"}],"wp:attachment":[{"href":"https:\/\/infuzme.fr\/index.php?rest_route=%2Fwp%2Fv2%2Fmedia&parent=102"}],"curies":[{"name":"wp","href":"https:\/\/api.w.org\/{rel}","templated":true}]}}