{"id":176,"date":"2026-03-23T12:25:43","date_gmt":"2026-03-23T12:25:43","guid":{"rendered":"https:\/\/infuzme.fr\/?page_id=176"},"modified":"2026-03-23T12:31:25","modified_gmt":"2026-03-23T12:31:25","slug":"176-2","status":"publish","type":"page","link":"https:\/\/infuzme.fr\/?page_id=176","title":{"rendered":"Nos coffrets Bien-etre"},"content":{"rendered":"<p>[et_pb_section fb_built=\u00a0\u00bb1&Prime; theme_builder_area=\u00a0\u00bbpost_content\u00a0\u00bb _builder_version=\u00a0\u00bb4.27.5&Prime; _module_preset=\u00a0\u00bbdefault\u00a0\u00bb][et_pb_row _builder_version=\u00a0\u00bb4.27.5&Prime; _module_preset=\u00a0\u00bbdefault\u00a0\u00bb theme_builder_area=\u00a0\u00bbpost_content\u00a0\u00bb][et_pb_column _builder_version=\u00a0\u00bb4.27.5&Prime; _module_preset=\u00a0\u00bbdefault\u00a0\u00bb type=\u00a0\u00bb4_4&Prime; theme_builder_area=\u00a0\u00bbpost_content\u00a0\u00bb][et_pb_text _builder_version=\u00a0\u00bb4.27.5&Prime; _module_preset=\u00a0\u00bbdefault\u00a0\u00bb theme_builder_area=\u00a0\u00bbpost_content\u00a0\u00bb text_text_color=\u00a0\u00bb#106d1c\u00a0\u00bb hover_enabled=\u00a0\u00bb0&Prime; sticky_enabled=\u00a0\u00bb0&Prime;]<\/p>\n<p><strong>Coffrets Bien-\u00catre InfuzMe<\/strong><\/p>\n<p style=\"text-align: justify;\">Chez InfuzMe, nous croyons que le th\u00e9 et les infusions ne sont pas seulement une boisson, mais un v\u00e9ritable rituel de bien-\u00eatre. Pour partager cette exp\u00e9rience unique avec vos proches ou pour vous faire plaisir, nous avons cr\u00e9\u00e9 une gamme de coffrets soigneusement compos\u00e9s. Chacun combine saveurs, ar\u00f4mes et vertus bienfaisantes pour un moment de d\u00e9tente et de plaisir. D\u00e9couvrez nos coffrets et laissez-vous transporter dans un univers de s\u00e9r\u00e9nit\u00e9.<\/p>\n<p>[\/et_pb_text][\/et_pb_column][\/et_pb_row][et_pb_row _builder_version=\u00a0\u00bb4.27.5&Prime; _module_preset=\u00a0\u00bbdefault\u00a0\u00bb theme_builder_area=\u00a0\u00bbpost_content\u00a0\u00bb column_structure=\u00a0\u00bb1_4,1_2,1_4&Prime;][et_pb_column _builder_version=\u00a0\u00bb4.27.5&Prime; _module_preset=\u00a0\u00bbdefault\u00a0\u00bb type=\u00a0\u00bb1_4&Prime; theme_builder_area=\u00a0\u00bbpost_content\u00a0\u00bb][et_pb_image src=\u00a0\u00bbhttps:\/\/infuzme.fr\/wp-content\/uploads\/2026\/03\/Presentations-elegantes-de-coffrets-de-the.jpg\u00a0\u00bb _builder_version=\u00a0\u00bb4.27.5&Prime; _module_preset=\u00a0\u00bbdefault\u00a0\u00bb theme_builder_area=\u00a0\u00bbpost_content\u00a0\u00bb title_text=\u00a0\u00bbPr\u00e9sentations \u00e9l\u00e9gantes de coffrets de th\u00e9\u00a0\u00bb hover_enabled=\u00a0\u00bb0&Prime; sticky_enabled=\u00a0\u00bb0&Prime;][\/et_pb_image][\/et_pb_column][et_pb_column _builder_version=\u00a0\u00bb4.27.5&Prime; _module_preset=\u00a0\u00bbdefault\u00a0\u00bb type=\u00a0\u00bb1_2&Prime; theme_builder_area=\u00a0\u00bbpost_content\u00a0\u00bb][et_pb_text _builder_version=\u00a0\u00bb4.27.5&Prime; _module_preset=\u00a0\u00bbdefault\u00a0\u00bb theme_builder_area=\u00a0\u00bbpost_content\u00a0\u00bb hover_enabled=\u00a0\u00bb0&Prime; sticky_enabled=\u00a0\u00bb0&Prime;]<\/p>\n<p><strong><span style=\"color: #106d1c;\">Coffret S\u00e9r\u00e9nit\u00e9 \u2013 29,90 \u20ac<\/span><\/strong><\/p>\n<p style=\"text-align: justify;\"><span style=\"color: #106d1c;\">Le Coffret S\u00e9r\u00e9nit\u00e9 est parfait pour ceux qui cherchent \u00e0 se d\u00e9tendre apr\u00e8s une journ\u00e9e bien remplie. Il comprend :<\/span><br \/><span style=\"color: #106d1c;\"> \u2022 5 sachets de th\u00e9 vert bio \u00e0 la menthe poivr\u00e9e<\/span><br \/><span style=\"color: #106d1c;\"> \u2022 5 sachets d\u2019infusion camomille et lavande<\/span><br \/><span style=\"color: #106d1c;\"> \u2022 Un guide d\u2019infusions bien-\u00eatre pour optimiser vos moments de relaxation<\/span><br \/><span style=\"color: #106d1c;\"> Pr\u00e9sent\u00e9 dans une bo\u00eete en carton recycl\u00e9 aux tons doux et naturels, ce coffret \u00e9voque calme et harmonie. Id\u00e9al pour offrir ou pour cr\u00e9er votre propre rituel apaisant \u00e0 la maison.<\/span><\/p>\n<p>[\/et_pb_text][\/et_pb_column][et_pb_column _builder_version=\u00a0\u00bb4.27.5&Prime; _module_preset=\u00a0\u00bbdefault\u00a0\u00bb type=\u00a0\u00bb1_4&Prime; theme_builder_area=\u00a0\u00bbpost_content\u00a0\u00bb][et_pb_button button_text=\u00a0\u00bbAjouter au panier \u00a0\u00bb _builder_version=\u00a0\u00bb4.27.5&Prime; _module_preset=\u00a0\u00bbdefault\u00a0\u00bb theme_builder_area=\u00a0\u00bbpost_content\u00a0\u00bb hover_enabled=\u00a0\u00bb0&Prime; sticky_enabled=\u00a0\u00bb0&Prime;][\/et_pb_button][\/et_pb_column][\/et_pb_row][et_pb_row _builder_version=\u00a0\u00bb4.27.5&Prime; _module_preset=\u00a0\u00bbdefault\u00a0\u00bb theme_builder_area=\u00a0\u00bbpost_content\u00a0\u00bb column_structure=\u00a0\u00bb1_4,1_2,1_4&Prime;][et_pb_column _builder_version=\u00a0\u00bb4.27.5&Prime; _module_preset=\u00a0\u00bbdefault\u00a0\u00bb type=\u00a0\u00bb1_4&Prime; theme_builder_area=\u00a0\u00bbpost_content\u00a0\u00bb][et_pb_image src=\u00a0\u00bbhttps:\/\/infuzme.fr\/wp-content\/uploads\/2026\/03\/IMG_0450.jpg\u00a0\u00bb _builder_version=\u00a0\u00bb4.27.5&Prime; _module_preset=\u00a0\u00bbdefault\u00a0\u00bb theme_builder_area=\u00a0\u00bbpost_content\u00a0\u00bb title_text=\u00a0\u00bbScreenshot\u00a0\u00bb hover_enabled=\u00a0\u00bb0&Prime; sticky_enabled=\u00a0\u00bb0&Prime;][\/et_pb_image][\/et_pb_column][et_pb_column _builder_version=\u00a0\u00bb4.27.5&Prime; _module_preset=\u00a0\u00bbdefault\u00a0\u00bb type=\u00a0\u00bb1_2&Prime; theme_builder_area=\u00a0\u00bbpost_content\u00a0\u00bb][et_pb_text _builder_version=\u00a0\u00bb4.27.5&Prime; _module_preset=\u00a0\u00bbdefault\u00a0\u00bb theme_builder_area=\u00a0\u00bbpost_content\u00a0\u00bb hover_enabled=\u00a0\u00bb0&Prime; sticky_enabled=\u00a0\u00bb0&Prime;]<\/p>\n<p style=\"text-align: justify;\"><span style=\"color: #106d1c;\"><strong>Coffret \u00c9nergie \u2013 34,90\u20ac<\/strong><\/span><\/p>\n<p style=\"text-align: justify;\"><span style=\"color: #106d1c;\"> Pour un coup de boost naturel, le Coffret \u00c9nergie est la solution id\u00e9ale. Il contient :<\/span><br \/><span style=\"color: #106d1c;\"> \u2022 5 sachets de th\u00e9 noir bio aux agrumes<\/span><br \/><span style=\"color: #106d1c;\"> \u2022 5 sachets d\u2019infusion gingembre et citron<\/span><br \/><span style=\"color: #106d1c;\"> \u2022 Une petite cuill\u00e8re en bambou pour doser parfaitement vos infusions<\/span><br \/><span style=\"color: #106d1c;\"> Ce coffret, lumineux et moderne, apporte une touche de vitalit\u00e9 \u00e0 votre quotidien. Parfait pour commencer la journ\u00e9e du bon pied ou pour partager un moment tonique avec des amis.<\/span><\/p>\n<p>[\/et_pb_text][\/et_pb_column][et_pb_column _builder_version=\u00a0\u00bb4.27.5&Prime; _module_preset=\u00a0\u00bbdefault\u00a0\u00bb type=\u00a0\u00bb1_4&Prime; theme_builder_area=\u00a0\u00bbpost_content\u00a0\u00bb][et_pb_button button_text=\u00a0\u00bbAjouter au panier \u00a0\u00bb _builder_version=\u00a0\u00bb4.27.5&Prime; _module_preset=\u00a0\u00bbdefault\u00a0\u00bb theme_builder_area=\u00a0\u00bbpost_content\u00a0\u00bb hover_enabled=\u00a0\u00bb0&Prime; sticky_enabled=\u00a0\u00bb0&Prime;][\/et_pb_button][\/et_pb_column][\/et_pb_row][et_pb_row _builder_version=\u00a0\u00bb4.27.5&Prime; _module_preset=\u00a0\u00bbdefault\u00a0\u00bb theme_builder_area=\u00a0\u00bbpost_content\u00a0\u00bb column_structure=\u00a0\u00bb1_4,1_2,1_4&Prime;][et_pb_column _builder_version=\u00a0\u00bb4.27.5&Prime; _module_preset=\u00a0\u00bbdefault\u00a0\u00bb type=\u00a0\u00bb1_4&Prime; theme_builder_area=\u00a0\u00bbpost_content\u00a0\u00bb][et_pb_image src=\u00a0\u00bbhttps:\/\/infuzme.fr\/wp-content\/uploads\/2026\/03\/IMG_0451.jpg\u00a0\u00bb _builder_version=\u00a0\u00bb4.27.5&Prime; _module_preset=\u00a0\u00bbdefault\u00a0\u00bb theme_builder_area=\u00a0\u00bbpost_content\u00a0\u00bb title_text=\u00a0\u00bbScreenshot\u00a0\u00bb hover_enabled=\u00a0\u00bb0&Prime; sticky_enabled=\u00a0\u00bb0&Prime;][\/et_pb_image][\/et_pb_column][et_pb_column _builder_version=\u00a0\u00bb4.27.5&Prime; _module_preset=\u00a0\u00bbdefault\u00a0\u00bb type=\u00a0\u00bb1_2&Prime; theme_builder_area=\u00a0\u00bbpost_content\u00a0\u00bb][et_pb_text _builder_version=\u00a0\u00bb4.27.5&Prime; _module_preset=\u00a0\u00bbdefault\u00a0\u00bb theme_builder_area=\u00a0\u00bbpost_content\u00a0\u00bb hover_enabled=\u00a0\u00bb0&Prime; sticky_enabled=\u00a0\u00bb0&Prime;]<\/p>\n<p style=\"text-align: justify;\"><strong><span style=\"color: #106d1c;\">Coffret Harmonie \u2013 39,90\u20ac<\/span><\/strong><\/p>\n<p style=\"text-align: justify;\"><span style=\"color: #106d1c;\"> Le Coffret Harmonie est une invitation \u00e0 l\u2019\u00e9quilibre et \u00e0 la douceur. Il se compose de :<\/span><br \/><span style=\"color: #106d1c;\"> \u2022 3 sachets de th\u00e9 blanc \u00e0 la rose<\/span><br \/><span style=\"color: #106d1c;\"> \u2022 3 sachets d\u2019infusion verveine et pomme<\/span><br \/><span style=\"color: #106d1c;\"> \u2022 3 sachets d\u2019infusion fleurs et fruits rouges<\/span><br \/><span style=\"color: #106d1c;\"> \u2022 Un livret de conseils pour associer les infusions et maximiser les bienfaits<\/span><br \/><span style=\"color: #106d1c;\"> Son design \u00e9l\u00e9gant, avec une bo\u00eete en bois clair et des sachets aux couleurs pastel, en fait un cadeau raffin\u00e9 et original. Ce coffret convient \u00e0 tous ceux qui souhaitent explorer une vari\u00e9t\u00e9 de saveurs tout en prenant soin de leur corps.<\/span><\/p>\n<p>[\/et_pb_text][\/et_pb_column][et_pb_column _builder_version=\u00a0\u00bb4.27.5&Prime; _module_preset=\u00a0\u00bbdefault\u00a0\u00bb type=\u00a0\u00bb1_4&Prime; theme_builder_area=\u00a0\u00bbpost_content\u00a0\u00bb][et_pb_button button_text=\u00a0\u00bbAjouter au panier \u00a0\u00bb _builder_version=\u00a0\u00bb4.27.5&Prime; _module_preset=\u00a0\u00bbdefault\u00a0\u00bb theme_builder_area=\u00a0\u00bbpost_content\u00a0\u00bb hover_enabled=\u00a0\u00bb0&Prime; sticky_enabled=\u00a0\u00bb0&Prime;][\/et_pb_button][\/et_pb_column][\/et_pb_row][et_pb_row _builder_version=\u00a0\u00bb4.27.5&Prime; _module_preset=\u00a0\u00bbdefault\u00a0\u00bb theme_builder_area=\u00a0\u00bbpost_content\u00a0\u00bb column_structure=\u00a0\u00bb1_4,1_2,1_4&Prime; custom_padding=\u00a0\u00bb0px|||||\u00a0\u00bb][et_pb_column _builder_version=\u00a0\u00bb4.27.5&Prime; _module_preset=\u00a0\u00bbdefault\u00a0\u00bb type=\u00a0\u00bb1_4&Prime; theme_builder_area=\u00a0\u00bbpost_content\u00a0\u00bb][et_pb_image src=\u00a0\u00bbhttps:\/\/infuzme.fr\/wp-content\/uploads\/2026\/03\/IMG_0452.jpg\u00a0\u00bb _builder_version=\u00a0\u00bb4.27.5&Prime; _module_preset=\u00a0\u00bbdefault\u00a0\u00bb theme_builder_area=\u00a0\u00bbpost_content\u00a0\u00bb title_text=\u00a0\u00bbScreenshot\u00a0\u00bb hover_enabled=\u00a0\u00bb0&Prime; sticky_enabled=\u00a0\u00bb0&Prime;][\/et_pb_image][\/et_pb_column][et_pb_column _builder_version=\u00a0\u00bb4.27.5&Prime; _module_preset=\u00a0\u00bbdefault\u00a0\u00bb type=\u00a0\u00bb1_2&Prime; theme_builder_area=\u00a0\u00bbpost_content\u00a0\u00bb][et_pb_text _builder_version=\u00a0\u00bb4.27.5&Prime; _module_preset=\u00a0\u00bbdefault\u00a0\u00bb theme_builder_area=\u00a0\u00bbpost_content\u00a0\u00bb hover_enabled=\u00a0\u00bb0&Prime; sticky_enabled=\u00a0\u00bb0&Prime;]<\/p>\n<p style=\"text-align: justify;\"><strong><span style=\"color: #106d1c;\">Coffret D\u00e9couverte \u2013 24,90\u20ac<\/span><\/strong><\/p>\n<p style=\"text-align: justify;\"><span style=\"color: #106d1c;\"> Vous ne savez pas lequel choisir ? Le Coffret D\u00e9couverte est fait pour vous. Il contient :<\/span><br \/><span style=\"color: #106d1c;\"> \u2022 2 sachets de th\u00e9 noir aromatis\u00e9 vanille et caramel<\/span><br \/><span style=\"color: #106d1c;\"> \u2022 2 sachets de th\u00e9 vert fruit\u00e9 mangue-passion<\/span><br \/><span style=\"color: #106d1c;\"> \u2022 2 sachets d\u2019infusion camomille et citronnelle<\/span><br \/><span style=\"color: #106d1c;\"> Pratique et compact, ce coffret vous permet de tester diff\u00e9rentes saveurs et de trouver votre infusion pr\u00e9f\u00e9r\u00e9e. Il est \u00e9galement parfait pour offrir \u00e0 quelqu\u2019un qui souhaite d\u00e9couvrir le monde du th\u00e9 et des infusions bien-\u00eatre.<\/span><\/p>\n<p>[\/et_pb_text][\/et_pb_column][et_pb_column _builder_version=\u00a0\u00bb4.27.5&Prime; _module_preset=\u00a0\u00bbdefault\u00a0\u00bb type=\u00a0\u00bb1_4&Prime; theme_builder_area=\u00a0\u00bbpost_content\u00a0\u00bb][et_pb_button button_text=\u00a0\u00bbAjouter au panier \u00a0\u00bb _builder_version=\u00a0\u00bb4.27.5&Prime; _module_preset=\u00a0\u00bbdefault\u00a0\u00bb theme_builder_area=\u00a0\u00bbpost_content\u00a0\u00bb hover_enabled=\u00a0\u00bb0&Prime; sticky_enabled=\u00a0\u00bb0&Prime;][\/et_pb_button][\/et_pb_column][\/et_pb_row][et_pb_row _builder_version=\u00a0\u00bb4.27.5&Prime; _module_preset=\u00a0\u00bbdefault\u00a0\u00bb theme_builder_area=\u00a0\u00bbpost_content\u00a0\u00bb column_structure=\u00a0\u00bb1_4,1_2,1_4&Prime;][et_pb_column _builder_version=\u00a0\u00bb4.27.5&Prime; _module_preset=\u00a0\u00bbdefault\u00a0\u00bb type=\u00a0\u00bb1_4&Prime; theme_builder_area=\u00a0\u00bbpost_content\u00a0\u00bb][et_pb_image src=\u00a0\u00bbhttps:\/\/infuzme.fr\/wp-content\/uploads\/2026\/03\/IMG_0453.jpg\u00a0\u00bb _builder_version=\u00a0\u00bb4.27.5&Prime; _module_preset=\u00a0\u00bbdefault\u00a0\u00bb theme_builder_area=\u00a0\u00bbpost_content\u00a0\u00bb title_text=\u00a0\u00bbScreenshot\u00a0\u00bb hover_enabled=\u00a0\u00bb0&Prime; sticky_enabled=\u00a0\u00bb0&Prime;][\/et_pb_image][\/et_pb_column][et_pb_column _builder_version=\u00a0\u00bb4.27.5&Prime; _module_preset=\u00a0\u00bbdefault\u00a0\u00bb type=\u00a0\u00bb1_2&Prime; theme_builder_area=\u00a0\u00bbpost_content\u00a0\u00bb][et_pb_text _builder_version=\u00a0\u00bb4.27.5&Prime; _module_preset=\u00a0\u00bbdefault\u00a0\u00bb theme_builder_area=\u00a0\u00bbpost_content\u00a0\u00bb hover_enabled=\u00a0\u00bb0&Prime; sticky_enabled=\u00a0\u00bb0&Prime;]<\/p>\n<p style=\"text-align: justify;\"><strong><span style=\"color: #106d1c;\">Coffret Luxe Bien-\u00catre \u2013 49,90\u20ac<\/span><\/strong><\/p>\n<p style=\"text-align: justify;\"><span style=\"color: #106d1c;\"> Pour ceux qui souhaitent un moment de d\u00e9gustation premium, le Coffret Luxe Bien-\u00catre est l\u2019option id\u00e9ale. Il comprend :<\/span><br \/><span style=\"color: #106d1c;\"> \u2022 4 sachets de th\u00e9 Oolong aux fleurs de jasmin<\/span><br \/><span style=\"color: #106d1c;\"> \u2022 4 sachets d\u2019infusion hibiscus et baies rouges<\/span><br \/><span style=\"color: #106d1c;\"> \u2022 4 sachets d\u2019infusion ayurv\u00e9dique \u00e0 base de gingembre, curcuma et cannelle<\/span><br \/><span style=\"color: #106d1c;\"> \u2022 Une bo\u00eete en bois vernis avec compartiments pour chaque infusion<\/span><br \/><span style=\"color: #106d1c;\"> Chaque d\u00e9tail de ce coffret a \u00e9t\u00e9 pens\u00e9 pour offrir une exp\u00e9rience sensorielle compl\u00e8te, de l\u2019ouverture de la bo\u00eete \u00e0 la d\u00e9gustation. Offrez-le \u00e0 un proche ou offrez-vous un moment de pur plaisir.<\/span><\/p>\n<p>[\/et_pb_text][\/et_pb_column][et_pb_column _builder_version=\u00a0\u00bb4.27.5&Prime; _module_preset=\u00a0\u00bbdefault\u00a0\u00bb type=\u00a0\u00bb1_4&Prime; theme_builder_area=\u00a0\u00bbpost_content\u00a0\u00bb][et_pb_button button_text=\u00a0\u00bbAjouter au panier \u00a0\u00bb _builder_version=\u00a0\u00bb4.27.5&Prime; _module_preset=\u00a0\u00bbdefault\u00a0\u00bb theme_builder_area=\u00a0\u00bbpost_content\u00a0\u00bb hover_enabled=\u00a0\u00bb0&Prime; sticky_enabled=\u00a0\u00bb0&Prime;][\/et_pb_button][\/et_pb_column][\/et_pb_row][et_pb_row _builder_version=\u00a0\u00bb4.27.5&Prime; _module_preset=\u00a0\u00bbdefault\u00a0\u00bb theme_builder_area=\u00a0\u00bbpost_content\u00a0\u00bb][et_pb_column _builder_version=\u00a0\u00bb4.27.5&Prime; _module_preset=\u00a0\u00bbdefault\u00a0\u00bb type=\u00a0\u00bb4_4&Prime; theme_builder_area=\u00a0\u00bbpost_content\u00a0\u00bb][et_pb_text _builder_version=\u00a0\u00bb4.27.5&Prime; _module_preset=\u00a0\u00bbdefault\u00a0\u00bb theme_builder_area=\u00a0\u00bbpost_content\u00a0\u00bb hover_enabled=\u00a0\u00bb0&Prime; sticky_enabled=\u00a0\u00bb0&Prime;]<\/p>\n<p style=\"text-align: justify;\"><strong><span style=\"color: #106d1c;\">Pourquoi choisir les coffrets InfuzMe ?<\/span><\/strong><\/p>\n<p style=\"text-align: justify;\"><span style=\"color: #106d1c;\"> Nos coffrets sont plus qu\u2019un simple assortiment de th\u00e9s et infusions. Ils sont :<\/span><br \/><span style=\"color: #106d1c;\"> \u2022 \u00c9coresponsables : bo\u00eetes recycl\u00e9es et mat\u00e9riaux durables<\/span><br \/><span style=\"color: #106d1c;\"> \u2022 Vari\u00e9s : pour tous les go\u00fbts et besoins, d\u00e9tente, \u00e9nergie, d\u00e9couverte<\/span><br \/><span style=\"color: #106d1c;\"> \u2022 Esth\u00e9tiques : parfaits pour offrir ou d\u00e9corer votre cuisine<\/span><br \/><span style=\"color: #106d1c;\"> \u2022 Bien-\u00eatre : chaque infusion est s\u00e9lectionn\u00e9e pour ses propri\u00e9t\u00e9s naturelles<\/span><br \/><span style=\"color: #106d1c;\"> Avec les coffrets InfuzMe, chaque moment devient un instant de d\u00e9tente, de plaisir et de s\u00e9r\u00e9nit\u00e9. Que vous soyez \u00e0 la recherche d\u2019un cadeau, d\u2019une exp\u00e9rience gustative ou simplement d\u2019un moment pour vous relaxer, nos coffrets vous accompagnent avec go\u00fbt et soin.<\/span><\/p>\n<p>[\/et_pb_text][\/et_pb_column][\/et_pb_row][\/et_pb_section]<\/p>\n","protected":false},"excerpt":{"rendered":"<p>Coffrets Bien-\u00catre InfuzMe Chez InfuzMe, nous croyons que le th\u00e9 et les infusions ne sont pas seulement une boisson, mais un v\u00e9ritable rituel de bien-\u00eatre. Pour partager cette exp\u00e9rience unique avec vos proches ou pour vous faire plaisir, nous avons cr\u00e9\u00e9 une gamme de coffrets soigneusement compos\u00e9s. Chacun combine saveurs, ar\u00f4mes et vertus bienfaisantes pour [&hellip;]<\/p>\n","protected":false},"author":1,"featured_media":0,"parent":0,"menu_order":0,"comment_status":"closed","ping_status":"closed","template":"","meta":{"_et_pb_use_builder":"on","_et_pb_old_content":"","_et_gb_content_width":"","footnotes":""},"class_list":["post-176","page","type-page","status-publish","hentry"],"yoast_head":"<!-- This site is optimized with the Yoast SEO plugin v27.1.1 - https:\/\/yoast.com\/product\/yoast-seo-wordpress\/ -->\n<title>Nos coffrets Bien-etre - Infuzme<\/title>\n<meta name=\"robots\" content=\"index, follow, max-snippet:-1, max-image-preview:large, max-video-preview:-1\" \/>\n<link rel=\"canonical\" href=\"https:\/\/infuzme.fr\/?page_id=176\" \/>\n<meta property=\"og:locale\" content=\"fr_FR\" \/>\n<meta property=\"og:type\" content=\"article\" \/>\n<meta property=\"og:title\" content=\"Nos coffrets Bien-etre - Infuzme\" \/>\n<meta property=\"og:description\" content=\"Coffrets Bien-\u00catre InfuzMe Chez InfuzMe, nous croyons que le th\u00e9 et les infusions ne sont pas seulement une boisson, mais un v\u00e9ritable rituel de bien-\u00eatre. Pour partager cette exp\u00e9rience unique avec vos proches ou pour vous faire plaisir, nous avons cr\u00e9\u00e9 une gamme de coffrets soigneusement compos\u00e9s. Chacun combine saveurs, ar\u00f4mes et vertus bienfaisantes pour [&hellip;]\" \/>\n<meta property=\"og:url\" content=\"https:\/\/infuzme.fr\/?page_id=176\" \/>\n<meta property=\"og:site_name\" content=\"Infuzme\" \/>\n<meta property=\"article:modified_time\" content=\"2026-03-23T12:31:25+00:00\" \/>\n<meta name=\"twitter:card\" content=\"summary_large_image\" \/>\n<script type=\"application\/ld+json\" class=\"yoast-schema-graph\">{\"@context\":\"https:\/\/schema.org\",\"@graph\":[{\"@type\":\"WebPage\",\"@id\":\"https:\/\/infuzme.fr\/?page_id=176\",\"url\":\"https:\/\/infuzme.fr\/?page_id=176\",\"name\":\"Nos coffrets Bien-etre - Infuzme\",\"isPartOf\":{\"@id\":\"https:\/\/infuzme.fr\/#website\"},\"datePublished\":\"2026-03-23T12:25:43+00:00\",\"dateModified\":\"2026-03-23T12:31:25+00:00\",\"breadcrumb\":{\"@id\":\"https:\/\/infuzme.fr\/?page_id=176#breadcrumb\"},\"inLanguage\":\"fr-FR\",\"potentialAction\":[{\"@type\":\"ReadAction\",\"target\":[\"https:\/\/infuzme.fr\/?page_id=176\"]}]},{\"@type\":\"BreadcrumbList\",\"@id\":\"https:\/\/infuzme.fr\/?page_id=176#breadcrumb\",\"itemListElement\":[{\"@type\":\"ListItem\",\"position\":1,\"name\":\"Accueil\",\"item\":\"https:\/\/infuzme.fr\/\"},{\"@type\":\"ListItem\",\"position\":2,\"name\":\"Nos coffrets Bien-etre\"}]},{\"@type\":\"WebSite\",\"@id\":\"https:\/\/infuzme.fr\/#website\",\"url\":\"https:\/\/infuzme.fr\/\",\"name\":\"Infuzme\",\"description\":\"\",\"potentialAction\":[{\"@type\":\"SearchAction\",\"target\":{\"@type\":\"EntryPoint\",\"urlTemplate\":\"https:\/\/infuzme.fr\/?s={search_term_string}\"},\"query-input\":{\"@type\":\"PropertyValueSpecification\",\"valueRequired\":true,\"valueName\":\"search_term_string\"}}],\"inLanguage\":\"fr-FR\"}]}<\/script>\n<!-- \/ Yoast SEO plugin. -->","yoast_head_json":{"title":"Nos coffrets Bien-etre - Infuzme","robots":{"index":"index","follow":"follow","max-snippet":"max-snippet:-1","max-image-preview":"max-image-preview:large","max-video-preview":"max-video-preview:-1"},"canonical":"https:\/\/infuzme.fr\/?page_id=176","og_locale":"fr_FR","og_type":"article","og_title":"Nos coffrets Bien-etre - Infuzme","og_description":"Coffrets Bien-\u00catre InfuzMe Chez InfuzMe, nous croyons que le th\u00e9 et les infusions ne sont pas seulement une boisson, mais un v\u00e9ritable rituel de bien-\u00eatre. Pour partager cette exp\u00e9rience unique avec vos proches ou pour vous faire plaisir, nous avons cr\u00e9\u00e9 une gamme de coffrets soigneusement compos\u00e9s. Chacun combine saveurs, ar\u00f4mes et vertus bienfaisantes pour [&hellip;]","og_url":"https:\/\/infuzme.fr\/?page_id=176","og_site_name":"Infuzme","article_modified_time":"2026-03-23T12:31:25+00:00","twitter_card":"summary_large_image","schema":{"@context":"https:\/\/schema.org","@graph":[{"@type":"WebPage","@id":"https:\/\/infuzme.fr\/?page_id=176","url":"https:\/\/infuzme.fr\/?page_id=176","name":"Nos coffrets Bien-etre - Infuzme","isPartOf":{"@id":"https:\/\/infuzme.fr\/#website"},"datePublished":"2026-03-23T12:25:43+00:00","dateModified":"2026-03-23T12:31:25+00:00","breadcrumb":{"@id":"https:\/\/infuzme.fr\/?page_id=176#breadcrumb"},"inLanguage":"fr-FR","potentialAction":[{"@type":"ReadAction","target":["https:\/\/infuzme.fr\/?page_id=176"]}]},{"@type":"BreadcrumbList","@id":"https:\/\/infuzme.fr\/?page_id=176#breadcrumb","itemListElement":[{"@type":"ListItem","position":1,"name":"Accueil","item":"https:\/\/infuzme.fr\/"},{"@type":"ListItem","position":2,"name":"Nos coffrets Bien-etre"}]},{"@type":"WebSite","@id":"https:\/\/infuzme.fr\/#website","url":"https:\/\/infuzme.fr\/","name":"Infuzme","description":"","potentialAction":[{"@type":"SearchAction","target":{"@type":"EntryPoint","urlTemplate":"https:\/\/infuzme.fr\/?s={search_term_string}"},"query-input":{"@type":"PropertyValueSpecification","valueRequired":true,"valueName":"search_term_string"}}],"inLanguage":"fr-FR"}]}},"_links":{"self":[{"href":"https:\/\/infuzme.fr\/index.php?rest_route=\/wp\/v2\/pages\/176","targetHints":{"allow":["GET"]}}],"collection":[{"href":"https:\/\/infuzme.fr\/index.php?rest_route=\/wp\/v2\/pages"}],"about":[{"href":"https:\/\/infuzme.fr\/index.php?rest_route=\/wp\/v2\/types\/page"}],"author":[{"embeddable":true,"href":"https:\/\/infuzme.fr\/index.php?rest_route=\/wp\/v2\/users\/1"}],"replies":[{"embeddable":true,"href":"https:\/\/infuzme.fr\/index.php?rest_route=%2Fwp%2Fv2%2Fcomments&post=176"}],"version-history":[{"count":5,"href":"https:\/\/infuzme.fr\/index.php?rest_route=\/wp\/v2\/pages\/176\/revisions"}],"predecessor-version":[{"id":192,"href":"https:\/\/infuzme.fr\/index.php?rest_route=\/wp\/v2\/pages\/176\/revisions\/192"}],"wp:attachment":[{"href":"https:\/\/infuzme.fr\/index.php?rest_route=%2Fwp%2Fv2%2Fmedia&parent=176"}],"curies":[{"name":"wp","href":"https:\/\/api.w.org\/{rel}","templated":true}]}}